{"id":16360,"date":"2019-01-16T15:20:43","date_gmt":"2019-01-16T15:20:43","guid":{"rendered":"http:\/\/www.amu.org.pt\/?page_id=16360"},"modified":"2019-02-22T16:21:24","modified_gmt":"2019-02-22T16:21:24","slug":"projeto-raise","status":"publish","type":"page","link":"https:\/\/www.amu.org.pt\/index.php\/projetos-em-curso\/projeto-raise\/","title":{"rendered":"Projeto Raise"},"content":{"rendered":"[spb_row element_name=&#8221;Row&#8221; wrap_type=&#8221;content-width&#8221; parallax_image_height=&#8221;content-height&#8221; parallax_image_movement=&#8221;fixed&#8221; parallax_image_speed=&#8221;0.5&#8243; bg_video_loop=&#8221;yes&#8221; parallax_video_height=&#8221;window-height&#8221; parallax_video_overlay=&#8221;none&#8221; row_overlay_opacity=&#8221;0&#8243; row_col_pos=&#8221;default&#8221; width=&#8221;1\/1&#8243; el_position=&#8221;first last&#8221;] [spb_image image=&#8221;152&#8243; image_size=&#8221;full&#8221; frame=&#8221;noframe&#8221; caption_pos=&#8221;hover&#8221; remove_rounded=&#8221;yes&#8221; fullwidth=&#8221;no&#8221; overflow_mode=&#8221;none&#8221; link_target=&#8221;_self&#8221; lightbox=&#8221;no&#8221; intro_animation=&#8221;none&#8221; animation_delay=&#8221;200&#8243; width=&#8221;1\/3&#8243; el_position=&#8221;first&#8221;][\/spb_image] [spb_blank_spacer height=&#8221;30px&#8221; width=&#8221;2\/3&#8243; el_position=&#8221;last&#8221;] [\/spb_row] [spb_divider type=&#8221;thin&#8221; text=&#8221;Go to top&#8221; top_margin=&#8221;0px&#8221; bottom_margin=&#8221;30px&#8221; fullwidth=&#8221;no&#8221; width=&#8221;1\/1&#8243; el_position=&#8221;first last&#8221;] [spb_column col_sm=&#8221;6&#8243; padding_horizontal=&#8221;0&#8243; width=&#8221;1\/2&#8243; el_position=&#8221;first&#8221;] [spb_text_block animation=&#8221;none&#8221; animation_delay=&#8221;0&#8243; simplified_controls=&#8221;yes&#8221; custom_css_percentage=&#8221;no&#8221; padding_vertical=&#8221;0&#8243; padding_horizontal=&#8221;0&#8243; margin_vertical=&#8221;0&#8243; custom_css=&#8221;margin-top: 0px;margin-bottom: 0px;&#8221; border_size=&#8221;0&#8243; border_styling_global=&#8221;default&#8221; width=&#8221;1\/1&#8243; el_position=&#8221;first last&#8221;]\n<p><span style=\"color: #000000;\">Atrav\u00e9s de abordagens personalizadas, o projeto RAISE (Resposta Alternativa de Integra\u00e7\u00e3o Social e Empreendedorismo) prop\u00f5e-se a estimular atitudes e iniciativas empreendedoras que contribuam a curto, m\u00e9dio e longo prazo para o aumento da integra\u00e7\u00e3o laboral da popula\u00e7\u00e3o desempregada.<\/span><\/p>\n<p><span style=\"color: #000000;\">A sua metodologia permite desenvolver as potencialidades e compet\u00eancias pessoais e profissionais, capacitando a Pessoa para a integra\u00e7\u00e3o no mercado de trabalho e\/ou para a cria\u00e7\u00e3o do pr\u00f3prio emprego com iniciativas empreendedoras.<\/span><\/p>\n<p><span style=\"color: #000000;\">A primeira edi\u00e7\u00e3o deste projeto facilitou a entrada de vinte pessoas no mercado de trabalho, nove novos planos de neg\u00f3cio, tr\u00eas novos projetos-piloto e uma nova empresa em fase de arranque. Tendo a AMU a consci\u00eancia da insubstitu\u00edvel import\u00e2ncia do trabalho na vida humana, como combate \u00e0 pobreza e como elemento essencial na dignifica\u00e7\u00e3o e eleva\u00e7\u00e3o do ser humano, em janeiro de 2018 iniciou uma nova edi\u00e7\u00e3o deste projeto.<\/span><\/p>\n[\/spb_text_block] [spb_counter subject=&#8221;BENEFICI\u00c1RIOS&#8221; from=&#8221;0&#8243; to=&#8221;130&#8243; speed=&#8221;2000&#8243; refresh=&#8221;25&#8243; suffix=&#8221;+&#8221; commas=&#8221;true&#8221; textstyle=&#8221;h3&#8243; textcolor=&#8221;#acd037&#8243; width=&#8221;1\/3&#8243; el_position=&#8221;first&#8221;] [spb_counter subject=&#8221;ENCONTRARAM EMPREGO&#8221; from=&#8221;0&#8243; to=&#8221;60&#8243; speed=&#8221;2000&#8243; refresh=&#8221;25&#8243; suffix=&#8221;+&#8221; commas=&#8221;true&#8221; textstyle=&#8221;h3&#8243; textcolor=&#8221;#acd037&#8243; width=&#8221;1\/3&#8243;] [spb_counter subject=&#8221;PROJETOS-PILOTO&#8221; from=&#8221;0&#8243; to=&#8221;4&#8243; speed=&#8221;2000&#8243; refresh=&#8221;25&#8243; suffix=&#8221;+&#8221; commas=&#8221;true&#8221; textstyle=&#8221;h3&#8243; textcolor=&#8221;#acd037&#8243; width=&#8221;1\/3&#8243; el_position=&#8221;last&#8221;] [\/spb_column] [spb_column col_sm=&#8221;6&#8243; padding_horizontal=&#8221;0&#8243; width=&#8221;1\/2&#8243; el_position=&#8221;last&#8221;] [spb_blank_spacer height=&#8221;100px&#8221; width=&#8221;1\/1&#8243; el_position=&#8221;first last&#8221;] [spb_video link=&#8221;https:\/\/www.youtube.com\/watch?v=5xi_c3ummfo&amp;t=46s&#8221; remove_related=&#8221;yes&#8221; autoplay=&#8221;no&#8221; full_width=&#8221;no&#8221; width=&#8221;1\/1&#8243; el_position=&#8221;first last&#8221;] [\/spb_column] [spb_blank_spacer height=&#8221;30px&#8221; width=&#8221;1\/1&#8243; el_position=&#8221;first last&#8221;]\n","protected":false},"excerpt":{"rendered":"<p>[spb_row element_name=&#8221;Row&#8221; wrap_type=&#8221;content-width&#8221; parallax_image_height=&#8221;content-height&#8221; parallax_image_movement=&#8221;fixed&#8221; parallax_image_speed=&#8221;0.5&#8243; bg_video_loop=&#8221;yes&#8221; parallax_video_height=&#8221;window-height&#8221; parallax_video_overlay=&#8221;none&#8221; row_overlay_opacity=&#8221;0&#8243; row_col_pos=&#8221;default&#8221; width=&#8221;1\/1&#8243; el_position=&#8221;first last&#8221;] [spb_image image=&#8221;152&#8243; image_size=&#8221;full&#8221; frame=&#8221;noframe&#8221; caption_pos=&#8221;hover&#8221; remove_rounded=&#8221;yes&#8221; fullwidth=&#8221;no&#8221; overflow_mode=&#8221;none&#8221; link_target=&#8221;_self&#8221; lightbox=&#8221;no&#8221; intro_animation=&#8221;none&#8221; animation_delay=&#8221;200&#8243; width=&#8221;1\/3&#8243; el_position=&#8221;first&#8221;][\/spb_image] [spb_blank_spacer height=&#8221;30px&#8221; width=&#8221;2\/3&#8243; el_position=&#8221;last&#8221;] [\/spb_row] [spb_divider type=&#8221;thin&#8221; text=&#8221;Go to top&#8221; top_margin=&#8221;0px&#8221; bottom_margin=&#8221;30px&#8221; fullwidth=&#8221;no&#8221; width=&#8221;1\/1&#8243; el_position=&#8221;first last&#8221;] [spb_column col_sm=&#8221;6&#8243; padding_horizontal=&#8221;0&#8243; width=&#8221;1\/2&#8243; el_position=&#8221;first&#8221;] [spb_text_block animation=&#8221;none&#8221; animation_delay=&#8221;0&#8243; simplified_controls=&#8221;yes&#8221; custom_css_percentage=&#8221;no&#8221; padding_vertical=&#8221;0&#8243; padding_horizontal=&#8221;0&#8243; margin_vertical=&#8221;0&#8243; custom_css=&#8221;margin-top: 0px;margin-bottom: 0px;&#8221; [&hellip;]<\/p>\n","protected":false},"author":1,"featured_media":0,"parent":16293,"menu_order":0,"comment_status":"closed","ping_status":"closed","template":"","meta":{"inline_featured_image":false,"_monsterinsights_skip_tracking":false,"_monsterinsights_sitenote_active":false,"_monsterinsights_sitenote_note":"","_monsterinsights_sitenote_category":0,"footnotes":""},"class_list":["post-16360","page","type-page","status-publish","hentry"],"jetpack_sharing_enabled":true,"_links":{"self":[{"href":"https:\/\/www.amu.org.pt\/index.php\/wp-json\/wp\/v2\/pages\/16360","targetHints":{"allow":["GET"]}}],"collection":[{"href":"https:\/\/www.amu.org.pt\/index.php\/wp-json\/wp\/v2\/pages"}],"about":[{"href":"https:\/\/www.amu.org.pt\/index.php\/wp-json\/wp\/v2\/types\/page"}],"author":[{"embeddable":true,"href":"https:\/\/www.amu.org.pt\/index.php\/wp-json\/wp\/v2\/users\/1"}],"replies":[{"embeddable":true,"href":"https:\/\/www.amu.org.pt\/index.php\/wp-json\/wp\/v2\/comments?post=16360"}],"version-history":[{"count":41,"href":"https:\/\/www.amu.org.pt\/index.php\/wp-json\/wp\/v2\/pages\/16360\/revisions"}],"predecessor-version":[{"id":16806,"href":"https:\/\/www.amu.org.pt\/index.php\/wp-json\/wp\/v2\/pages\/16360\/revisions\/16806"}],"up":[{"embeddable":true,"href":"https:\/\/www.amu.org.pt\/index.php\/wp-json\/wp\/v2\/pages\/16293"}],"wp:attachment":[{"href":"https:\/\/www.amu.org.pt\/index.php\/wp-json\/wp\/v2\/media?parent=16360"}],"curies":[{"name":"wp","href":"https:\/\/api.w.org\/{rel}","templated":true}]}}