{"id":17373,"date":"2020-09-19T16:02:05","date_gmt":"2020-09-19T16:02:05","guid":{"rendered":"https:\/\/www.amu.org.pt\/?page_id=17373"},"modified":"2021-05-26T14:37:12","modified_gmt":"2021-05-26T14:37:12","slug":"projeto-weza-confecoes","status":"publish","type":"page","link":"https:\/\/www.amu.org.pt\/index.php\/projeto-weza-confecoes\/","title":{"rendered":"Projeto Weza Confe\u00e7\u00f5es"},"content":{"rendered":"[spb_text_block animation=&#8221;none&#8221; animation_delay=&#8221;0&#8243; simplified_controls=&#8221;yes&#8221; custom_css_percentage=&#8221;no&#8221; padding_vertical=&#8221;0&#8243; padding_horizontal=&#8221;0&#8243; margin_vertical=&#8221;0&#8243; custom_css=&#8221;margin-top: 0px;margin-bottom: 0px;&#8221; border_size=&#8221;0&#8243; border_styling_global=&#8221;default&#8221; width=&#8221;1\/1&#8243; el_position=&#8221;first last&#8221;]\n<h1><strong>Projeto Weza Confe\u00e7\u00f5es<\/strong><\/h1>\n[\/spb_text_block] [spb_image_banner image=&#8221;17410&#8243; image_size=&#8221;full&#8221; content_pos=&#8221;left&#8221; content_textalign=&#8221;left&#8221; animation=&#8221;none&#8221; animation_delay=&#8221;200&#8243; link_target=&#8221;_self&#8221; width=&#8221;1\/3&#8243; el_position=&#8221;first&#8221;][\/spb_image_banner] [spb_column col_sm=&#8221;8&#8243; padding_horizontal=&#8221;0&#8243; width=&#8221;2\/3&#8243; el_position=&#8221;last&#8221;] [spb_text_block animation=&#8221;none&#8221; animation_delay=&#8221;0&#8243; simplified_controls=&#8221;yes&#8221; custom_css_percentage=&#8221;no&#8221; padding_vertical=&#8221;0&#8243; padding_horizontal=&#8221;0&#8243; margin_vertical=&#8221;0&#8243; custom_css=&#8221;margin-top: 0px;margin-bottom: 0px;&#8221; border_size=&#8221;0&#8243; border_styling_global=&#8221;default&#8221; width=&#8221;1\/1&#8243; el_position=&#8221;first last&#8221;]\n<p>A\u00a0<a href=\"https:\/\/amu.us5.list-manage.com\/track\/click?u=f561fc0075f9980efedaae207&amp;id=97c0a6b302&amp;e=3a0df2b63b\">Weza Confe\u00e7\u00f5es<\/a>, primeira empresa de Economia de Comunh\u00e3o a constituir-se em Angola, \u00e9 apoiada pela AMU Portugal, pela AFN Onlus e pela AEdC Portugal. Surgiu para dar resposta a uma necessidade muito concreta da popula\u00e7\u00e3o e os lucros da atividade da empresa, servir\u00e3o para sustentar as actividades do Centro Infantil Pequena Chama e para apoiar programas de forma\u00e7\u00e3o humana e profissional.<\/p>\n<p>Em concreto, a liga\u00e7\u00e3o entre o Centro Infantil e a AMU Portugal \u00e9 fraterna e de coopera\u00e7\u00e3o\u00a0desde 2006,\u00a0altura em que foi elaborado um projeto de apoio ao desenvolvimento deste novo espa\u00e7o\u00a0educativo, em parceria com o Instituto Cam\u00f5es.<\/p>\n<p>Nos \u00faltimos meses, o projeto Weza Confe\u00e7\u00f5es produziu cerca de 2200 m\u00e1scaras faciais para distribuir por todas as pessoas do agregado familiar das crian\u00e7as do centro infantil Pequena Chama. Com esta iniciativa social, a empresa pretende ajudar a popula\u00e7\u00e3o na prote\u00e7\u00e3o contra a COVID-19.\u00a0Al\u00e9m disso, a empresa j\u00e1 deu emprego a seis costureiras e vai produzir 10 mil m\u00e1scaras para distribuir gratuitamente.<\/p>\n<p>Os lucros da atividade da empresa servir\u00e3o para sustentar atividades do centro infantil Pequena Chama,\u00a0uma escolinha do pr\u00e9-escolar dos 3 aos 5 anos e tamb\u00e9m ATL, situada\u00a0no Mussulo, em Luanda.<\/p>\n[\/spb_text_block] [\/spb_column] [spb_row element_name=&#8221;Row&#8221; wrap_type=&#8221;content-width&#8221; parallax_image_height=&#8221;content-height&#8221; parallax_image_movement=&#8221;fixed&#8221; parallax_image_speed=&#8221;0.5&#8243; bg_video_loop=&#8221;yes&#8221; parallax_video_height=&#8221;window-height&#8221; parallax_video_overlay=&#8221;none&#8221; row_overlay_opacity=&#8221;0&#8243; row_col_pos=&#8221;default&#8221; width=&#8221;1\/1&#8243; el_position=&#8221;first last&#8221;] [spb_divider type=&#8221;thin&#8221; text=&#8221;Go to top&#8221; top_margin=&#8221;10px&#8221; bottom_margin=&#8221;30px&#8221; fullwidth=&#8221;yes&#8221; width=&#8221;1\/1&#8243; el_position=&#8221;first last&#8221;] [spb_image image=&#8221;17380&#8243; image_size=&#8221;full&#8221; frame=&#8221;noframe&#8221; caption_pos=&#8221;hover&#8221; remove_rounded=&#8221;yes&#8221; fullwidth=&#8221;no&#8221; overflow_mode=&#8221;none&#8221; link_target=&#8221;_self&#8221; lightbox=&#8221;no&#8221; intro_animation=&#8221;none&#8221; animation_delay=&#8221;200&#8243; width=&#8221;1\/4&#8243; el_position=&#8221;first&#8221;][\/spb_image] [spb_image image=&#8221;17379&#8243; image_size=&#8221;full&#8221; frame=&#8221;noframe&#8221; caption_pos=&#8221;hover&#8221; remove_rounded=&#8221;yes&#8221; fullwidth=&#8221;no&#8221; overflow_mode=&#8221;none&#8221; link_target=&#8221;_self&#8221; lightbox=&#8221;no&#8221; intro_animation=&#8221;none&#8221; animation_delay=&#8221;200&#8243; width=&#8221;1\/4&#8243;][\/spb_image] [spb_image image=&#8221;17378&#8243; image_size=&#8221;full&#8221; frame=&#8221;noframe&#8221; caption_pos=&#8221;hover&#8221; remove_rounded=&#8221;yes&#8221; fullwidth=&#8221;no&#8221; overflow_mode=&#8221;none&#8221; link_target=&#8221;_self&#8221; lightbox=&#8221;no&#8221; intro_animation=&#8221;none&#8221; animation_delay=&#8221;200&#8243; width=&#8221;1\/4&#8243;][\/spb_image] [spb_image image=&#8221;17377&#8243; image_size=&#8221;full&#8221; frame=&#8221;noframe&#8221; caption_pos=&#8221;hover&#8221; remove_rounded=&#8221;yes&#8221; fullwidth=&#8221;no&#8221; overflow_mode=&#8221;none&#8221; link_target=&#8221;_self&#8221; lightbox=&#8221;no&#8221; intro_animation=&#8221;none&#8221; animation_delay=&#8221;200&#8243; width=&#8221;1\/4&#8243; el_position=&#8221;last&#8221;][\/spb_image] [\/spb_row]\n","protected":false},"excerpt":{"rendered":"<p>[spb_text_block animation=&#8221;none&#8221; animation_delay=&#8221;0&#8243; simplified_controls=&#8221;yes&#8221; custom_css_percentage=&#8221;no&#8221; padding_vertical=&#8221;0&#8243; padding_horizontal=&#8221;0&#8243; margin_vertical=&#8221;0&#8243; custom_css=&#8221;margin-top: 0px;margin-bottom: 0px;&#8221; border_size=&#8221;0&#8243; border_styling_global=&#8221;default&#8221; width=&#8221;1\/1&#8243; el_position=&#8221;first last&#8221;] Projeto Weza Confe\u00e7\u00f5es [\/spb_text_block] [spb_image_banner image=&#8221;17410&#8243; image_size=&#8221;full&#8221; content_pos=&#8221;left&#8221; content_textalign=&#8221;left&#8221; animation=&#8221;none&#8221; animation_delay=&#8221;200&#8243; link_target=&#8221;_self&#8221; width=&#8221;1\/3&#8243; el_position=&#8221;first&#8221;][\/spb_image_banner] [spb_column col_sm=&#8221;8&#8243; padding_horizontal=&#8221;0&#8243; width=&#8221;2\/3&#8243; el_position=&#8221;last&#8221;] [spb_text_block animation=&#8221;none&#8221; animation_delay=&#8221;0&#8243; simplified_controls=&#8221;yes&#8221; custom_css_percentage=&#8221;no&#8221; padding_vertical=&#8221;0&#8243; padding_horizontal=&#8221;0&#8243; margin_vertical=&#8221;0&#8243; custom_css=&#8221;margin-top: 0px;margin-bottom: 0px;&#8221; border_size=&#8221;0&#8243; border_styling_global=&#8221;default&#8221; width=&#8221;1\/1&#8243; el_position=&#8221;first last&#8221;] A\u00a0Weza Confe\u00e7\u00f5es, primeira empresa de Economia de Comunh\u00e3o a [&hellip;]<\/p>\n","protected":false},"author":1,"featured_media":0,"parent":0,"menu_order":0,"comment_status":"closed","ping_status":"closed","template":"","meta":{"inline_featured_image":false,"_monsterinsights_skip_tracking":false,"_monsterinsights_sitenote_active":false,"_monsterinsights_sitenote_note":"","_monsterinsights_sitenote_category":0,"footnotes":""},"class_list":["post-17373","page","type-page","status-publish","hentry"],"jetpack_sharing_enabled":true,"_links":{"self":[{"href":"https:\/\/www.amu.org.pt\/index.php\/wp-json\/wp\/v2\/pages\/17373","targetHints":{"allow":["GET"]}}],"collection":[{"href":"https:\/\/www.amu.org.pt\/index.php\/wp-json\/wp\/v2\/pages"}],"about":[{"href":"https:\/\/www.amu.org.pt\/index.php\/wp-json\/wp\/v2\/types\/page"}],"author":[{"embeddable":true,"href":"https:\/\/www.amu.org.pt\/index.php\/wp-json\/wp\/v2\/users\/1"}],"replies":[{"embeddable":true,"href":"https:\/\/www.amu.org.pt\/index.php\/wp-json\/wp\/v2\/comments?post=17373"}],"version-history":[{"count":14,"href":"https:\/\/www.amu.org.pt\/index.php\/wp-json\/wp\/v2\/pages\/17373\/revisions"}],"predecessor-version":[{"id":17414,"href":"https:\/\/www.amu.org.pt\/index.php\/wp-json\/wp\/v2\/pages\/17373\/revisions\/17414"}],"wp:attachment":[{"href":"https:\/\/www.amu.org.pt\/index.php\/wp-json\/wp\/v2\/media?parent=17373"}],"curies":[{"name":"wp","href":"https:\/\/api.w.org\/{rel}","templated":true}]}}