{"id":17532,"date":"2023-12-15T16:35:26","date_gmt":"2023-12-15T16:35:26","guid":{"rendered":"https:\/\/www.amu.org.pt\/?page_id=17532"},"modified":"2026-03-20T22:53:07","modified_gmt":"2026-03-20T22:53:07","slug":"premio-esperanca-em-acao","status":"publish","type":"page","link":"https:\/\/www.amu.org.pt\/index.php\/premio-esperanca-em-acao\/","title":{"rendered":"Pr\u00e9mio Esperan\u00e7a em A\u00e7\u00e3o"},"content":{"rendered":"[spb_text_block animation=&#8221;none&#8221; animation_delay=&#8221;0&#8243; simplified_controls=&#8221;yes&#8221; custom_css_percentage=&#8221;no&#8221; padding_vertical=&#8221;0&#8243; padding_horizontal=&#8221;0&#8243; margin_vertical=&#8221;0&#8243; custom_css=&#8221;margin-top: 0px;margin-bottom: 0px;&#8221; border_size=&#8221;0&#8243; border_styling_global=&#8221;default&#8221; width=&#8221;1\/1&#8243; el_position=&#8221;first last&#8221;]\n<h1><strong>Pr\u00e9mio Esperan\u00e7a em A\u00e7\u00e3o<\/strong><\/h1>\n[\/spb_text_block] [spb_row element_name=&#8221;Row&#8221; wrap_type=&#8221;content-width&#8221; parallax_image_height=&#8221;content-height&#8221; parallax_image_movement=&#8221;fixed&#8221; parallax_image_speed=&#8221;0.5&#8243; bg_video_loop=&#8221;yes&#8221; parallax_video_height=&#8221;window-height&#8221; parallax_video_overlay=&#8221;none&#8221; row_overlay_opacity=&#8221;0&#8243; row_col_pos=&#8221;default&#8221; width=&#8221;1\/1&#8243; el_position=&#8221;first last&#8221;] [spb_text_block animation=&#8221;none&#8221; animation_delay=&#8221;0&#8243; simplified_controls=&#8221;yes&#8221; custom_css_percentage=&#8221;no&#8221; padding_vertical=&#8221;0&#8243; padding_horizontal=&#8221;0&#8243; margin_vertical=&#8221;0&#8243; custom_css=&#8221;margin-top: 0px;margin-bottom: 0px;&#8221; border_size=&#8221;0&#8243; border_styling_global=&#8221;default&#8221; width=&#8221;1\/2&#8243; el_position=&#8221;first&#8221;]\n<p>Esta iniciativa pretende atribuir um pr\u00e9mio para a aquisi\u00e7\u00e3o de material inform\u00e1tico e, desta forma, ser parte da resposta \u00e0 atual situa\u00e7\u00e3o de vulnerabilidade econ\u00f3mica e aos desafios que enfrentam muitos jovens universit\u00e1rios.<\/p>\n<p>Na primeira edi\u00e7\u00e3o, o pr\u00e9mio foi promovido em parceria com a <a href=\"https:\/\/sermaisvalia.org\" target=\"_blank\" rel=\"noopener\">Ser Mais Valia &#8211; Associa\u00e7\u00e3o de Voluntariado para a Cidadania e Desenvolvimento<\/a> e destinou-se a ajudar os estudantes j\u00e1 acompanhados pela mesma. Esperamos que esta do(a\u00e7\u00e3o) em concreto d\u00ea esperan\u00e7a aos estudantes para continuarem o seu percurso acad\u00e9mico e profissional. A 1\u00aa edi\u00e7\u00e3o terminou em 2024, com sucesso, e foram atribu\u00eddos 6 computadores. A 2\u00aa edi\u00e7\u00e3o, decorrida em 2025, deu continuidade ao sucesso da primeira e foram atribu\u00eddos 6 novos computadores.<\/p>\n<p>&nbsp;<\/p>\n<h3>3\u00aa Edi\u00e7\u00e3o do Pr\u00e9mio Esperan\u00e7a em A\u00e7\u00e3o (2026)<\/h3>\n<p><em>Em mar\u00e7o de 2026 arranca a 3\u00aa edi\u00e7\u00e3o do Pr\u00e9mio Esperan\u00e7a em A\u00e7\u00e3o! <\/em><\/p>\n<p><em>As candidaturas s\u00e3o aceites at\u00e9 \u00e0s 23h59 do dia <strong>31 de maio de 2026<\/strong>\u00a0e devem ser submetidas atrav\u00e9s do formul\u00e1rio abaixo. A divulga\u00e7\u00e3o dos resultados ser\u00e1 comunicada atrav\u00e9s de e-mail aos candidatos.<\/em><\/p>\n<p>Para mais informa\u00e7\u00f5es ou esclarecimentos entre em contacto atrav\u00e9s de geral@amu.org.pt.<\/p>\n[\/spb_text_block] [spb_image image=&#8221;17587&#8243; image_size=&#8221;large&#8221; frame=&#8221;noframe&#8221; caption_pos=&#8221;hover&#8221; remove_rounded=&#8221;yes&#8221; fullwidth=&#8221;no&#8221; overflow_mode=&#8221;none&#8221; link_target=&#8221;_self&#8221; lightbox=&#8221;no&#8221; intro_animation=&#8221;none&#8221; animation_delay=&#8221;200&#8243; width=&#8221;1\/2&#8243; el_position=&#8221;last&#8221;][\/spb_image] [\/spb_row] [spb_blank_spacer height=&#8221;30px&#8221; width=&#8221;1\/1&#8243; el_position=&#8221;first last&#8221;] [spb_blank_spacer height=&#8221;30px&#8221; width=&#8221;1\/4&#8243; el_position=&#8221;first&#8221;] [spb_column col_animation=&#8221;none&#8221; col_animation_delay=&#8221;0&#8243; col_bg_type=&#8221;cover&#8221; col_parallax_image_movement=&#8221;fixed&#8221; col_parallax_image_speed=&#8221;0.5&#8243; col_padding=&#8221;0&#8243; col_vertical_offset=&#8221;0&#8243; col_horizontal_offset=&#8221;0&#8243; col_custom_zindex=&#8221;0&#8243; col_sm=&#8221;6&#8243; simplified_controls=&#8221;yes&#8221; custom_css_percentage=&#8221;no&#8221; padding_vertical=&#8221;400&#8243; padding_horizontal=&#8221;0&#8243; margin_vertical=&#8221;0&#8243; custom_css=&#8221;margin-top: 0px;margin-bottom: 0px;&#8221; border_styling_global=&#8221;default&#8221; width=&#8221;1\/2&#8243;] [spb_image image=&#8221;17559&#8243; image_size=&#8221;full&#8221; frame=&#8221;noframe&#8221; caption_pos=&#8221;hover&#8221; remove_rounded=&#8221;yes&#8221; fullwidth=&#8221;no&#8221; overflow_mode=&#8221;none&#8221; image_link=&#8221;https:\/\/www.amu.org.pt\/wp-content\/uploads\/2025\/03\/Regulamento-marco-2025_final.pdf&#8221; link_target=&#8221;_blank&#8221; lightbox=&#8221;no&#8221; intro_animation=&#8221;none&#8221; animation_delay=&#8221;200&#8243; width=&#8221;1\/3&#8243; el_position=&#8221;first&#8221;][\/spb_image] [spb_image image=&#8221;17557&#8243; image_size=&#8221;full&#8221; frame=&#8221;noframe&#8221; caption_pos=&#8221;hover&#8221; remove_rounded=&#8221;yes&#8221; fullwidth=&#8221;no&#8221; overflow_mode=&#8221;none&#8221; image_link=&#8221;https:\/\/www.amu.org.pt\/wp-content\/uploads\/2023\/12\/AMU-declaracao-de-consentimento-1.pdf&#8221; link_target=&#8221;_blank&#8221; lightbox=&#8221;no&#8221; intro_animation=&#8221;none&#8221; animation_delay=&#8221;200&#8243; width=&#8221;1\/3&#8243;][\/spb_image] [spb_image image=&#8221;17558&#8243; image_size=&#8221;full&#8221; frame=&#8221;noframe&#8221; caption_pos=&#8221;hover&#8221; remove_rounded=&#8221;yes&#8221; fullwidth=&#8221;no&#8221; overflow_mode=&#8221;none&#8221; image_link=&#8221;https:\/\/forms.gle\/K5hpP4YZmVHB6va88&#8243; link_target=&#8221;_blank&#8221; lightbox=&#8221;no&#8221; intro_animation=&#8221;none&#8221; animation_delay=&#8221;200&#8243; width=&#8221;1\/3&#8243; el_position=&#8221;last&#8221;][\/spb_image] [\/spb_column] [spb_blank_spacer height=&#8221;30px&#8221; width=&#8221;1\/4&#8243; el_position=&#8221;last&#8221;] [spb_blank_spacer height=&#8221;30px&#8221; width=&#8221;1\/1&#8243; el_position=&#8221;first last&#8221;]\n","protected":false},"excerpt":{"rendered":"<p>[spb_text_block animation=&#8221;none&#8221; animation_delay=&#8221;0&#8243; simplified_controls=&#8221;yes&#8221; custom_css_percentage=&#8221;no&#8221; padding_vertical=&#8221;0&#8243; padding_horizontal=&#8221;0&#8243; margin_vertical=&#8221;0&#8243; custom_css=&#8221;margin-top: 0px;margin-bottom: 0px;&#8221; border_size=&#8221;0&#8243; border_styling_global=&#8221;default&#8221; width=&#8221;1\/1&#8243; el_position=&#8221;first last&#8221;] Pr\u00e9mio Esperan\u00e7a em A\u00e7\u00e3o [\/spb_text_block] [spb_row element_name=&#8221;Row&#8221; wrap_type=&#8221;content-width&#8221; parallax_image_height=&#8221;content-height&#8221; parallax_image_movement=&#8221;fixed&#8221; parallax_image_speed=&#8221;0.5&#8243; bg_video_loop=&#8221;yes&#8221; parallax_video_height=&#8221;window-height&#8221; parallax_video_overlay=&#8221;none&#8221; row_overlay_opacity=&#8221;0&#8243; row_col_pos=&#8221;default&#8221; width=&#8221;1\/1&#8243; el_position=&#8221;first last&#8221;] [spb_text_block animation=&#8221;none&#8221; animation_delay=&#8221;0&#8243; simplified_controls=&#8221;yes&#8221; custom_css_percentage=&#8221;no&#8221; padding_vertical=&#8221;0&#8243; padding_horizontal=&#8221;0&#8243; margin_vertical=&#8221;0&#8243; custom_css=&#8221;margin-top: 0px;margin-bottom: 0px;&#8221; border_size=&#8221;0&#8243; border_styling_global=&#8221;default&#8221; width=&#8221;1\/2&#8243; el_position=&#8221;first&#8221;] Esta iniciativa pretende atribuir um pr\u00e9mio para a aquisi\u00e7\u00e3o de [&hellip;]<\/p>\n","protected":false},"author":1,"featured_media":0,"parent":0,"menu_order":0,"comment_status":"closed","ping_status":"closed","template":"","meta":{"inline_featured_image":false,"_monsterinsights_skip_tracking":false,"_monsterinsights_sitenote_active":false,"_monsterinsights_sitenote_note":"","_monsterinsights_sitenote_category":0,"footnotes":""},"class_list":["post-17532","page","type-page","status-publish","hentry"],"jetpack_sharing_enabled":true,"_links":{"self":[{"href":"https:\/\/www.amu.org.pt\/index.php\/wp-json\/wp\/v2\/pages\/17532","targetHints":{"allow":["GET"]}}],"collection":[{"href":"https:\/\/www.amu.org.pt\/index.php\/wp-json\/wp\/v2\/pages"}],"about":[{"href":"https:\/\/www.amu.org.pt\/index.php\/wp-json\/wp\/v2\/types\/page"}],"author":[{"embeddable":true,"href":"https:\/\/www.amu.org.pt\/index.php\/wp-json\/wp\/v2\/users\/1"}],"replies":[{"embeddable":true,"href":"https:\/\/www.amu.org.pt\/index.php\/wp-json\/wp\/v2\/comments?post=17532"}],"version-history":[{"count":51,"href":"https:\/\/www.amu.org.pt\/index.php\/wp-json\/wp\/v2\/pages\/17532\/revisions"}],"predecessor-version":[{"id":17631,"href":"https:\/\/www.amu.org.pt\/index.php\/wp-json\/wp\/v2\/pages\/17532\/revisions\/17631"}],"wp:attachment":[{"href":"https:\/\/www.amu.org.pt\/index.php\/wp-json\/wp\/v2\/media?parent=17532"}],"curies":[{"name":"wp","href":"https:\/\/api.w.org\/{rel}","templated":true}]}}