{"id":42,"date":"2017-09-07T12:43:01","date_gmt":"2017-09-07T12:43:01","guid":{"rendered":"http:\/\/www.amu.org.pt\/?page_id=42"},"modified":"2020-03-29T18:01:03","modified_gmt":"2020-03-29T18:01:03","slug":"a-amu","status":"publish","type":"page","link":"https:\/\/www.amu.org.pt\/index.php\/a-amu\/","title":{"rendered":"A AMU"},"content":{"rendered":"[spb_text_block animation=&#8221;none&#8221; animation_delay=&#8221;0&#8243; simplified_controls=&#8221;yes&#8221; custom_css_percentage=&#8221;no&#8221; padding_vertical=&#8221;0&#8243; padding_horizontal=&#8221;0&#8243; margin_vertical=&#8221;0&#8243; custom_css=&#8221;margin-top: 0px;margin-bottom: 0px;&#8221; border_size=&#8221;0&#8243; border_styling_global=&#8221;default&#8221; width=&#8221;1\/3&#8243; el_position=&#8221;first last&#8221;]\n<h1>Sobre a AMU Portugal<\/h1>\n<p>&nbsp;<\/p>\n[\/spb_text_block] [spb_row element_name=&#8221;Row&#8221; wrap_type=&#8221;full-width-contained&#8221; row_bg_type=&#8221;image&#8221; color_row_height=&#8221;content-height&#8221; row_style=&#8221;light&#8221; bg_image=&#8221;16626&#8243; bg_type=&#8221;cover&#8221; parallax_image_height=&#8221;content-height&#8221; parallax_image_movement=&#8221;scroll&#8221; parallax_image_speed=&#8221;standard&#8221; bg_video_loop=&#8221;yes&#8221; parallax_video_height=&#8221;window-height&#8221; row_top_style=&#8221;none&#8221; row_bottom_style=&#8221;none&#8221; parallax_video_overlay=&#8221;none&#8221; row_overlay_opacity=&#8221;0&#8243; remove_element_spacing=&#8221;no&#8221; row_col_spacing=&#8221;0&#8243; row_col_pos=&#8221;default&#8221; row_col_equal_heights=&#8221;no&#8221; row_expanding=&#8221;no&#8221; row_animation=&#8221;none&#8221; row_animation_delay=&#8221;0&#8243; minimize_row=&#8221;no&#8221; simplified_controls=&#8221;yes&#8221; custom_css_percentage=&#8221;no&#8221; custom_css=&#8221;margin-top: 0px;margin-bottom: 0px;&#8221; border_styling_global=&#8221;default&#8221; width=&#8221;1\/1&#8243; el_position=&#8221;first last&#8221;] [spb_blank_spacer responsive_vis=&#8221;hidden-xs&#8221; height=&#8221;30px&#8221; width=&#8221;1\/3&#8243; el_position=&#8221;first&#8221;] [spb_text_block animation=&#8221;none&#8221; animation_delay=&#8221;0&#8243; simplified_controls=&#8221;yes&#8221; custom_css_percentage=&#8221;no&#8221; padding_vertical=&#8221;0&#8243; padding_horizontal=&#8221;0&#8243; margin_vertical=&#8221;0&#8243; custom_css=&#8221;margin-top: 0px;margin-bottom: 0px;background-color:#ffffff;&#8221; border_size=&#8221;0&#8243; border_styling_global=&#8221;default&#8221; back_color_global=&#8221;#ffffff&#8221; width=&#8221;2\/3&#8243; el_position=&#8221;last&#8221;]\n<div class=\"page\" title=\"Page 1\">\n<div class=\"section\" style=\"text-align: left;\">\n<div class=\"layoutArea\">\n<div class=\"column\">\n<div class=\"page\" title=\"Page 3\">\n<div class=\"section\">\n<div class=\"layoutArea\">\n<div class=\"column\">\n<p>&nbsp;<\/p>\n<p>&nbsp;<\/p>\n<p><span style=\"color: #000000;\">A AMU \u2013 A\u00e7\u00f5es para um Mundo Unido \u00e9 uma associa\u00e7\u00e3o privada, sem fins lucrativos, nascida em 1994 em Lisboa. Tem por objectivo contribuir para a realiza\u00e7\u00e3o de um mundo mais unido, em que cada indiv\u00edduo e cada povo possam exprimir e desenvolver plenamente a sua identidade.<\/span><\/p>\n<p><span style=\"color: #000000;\">Na sua atividade, a AMU tem procurado responder aos novos desafios de uma sociedade que sente as consequ\u00eancias de uma economia nacional e internacional em dificuldades. Atrav\u00e9s de projetos nacionais e internacionais, a AMU procura envolver o maior n\u00famero poss\u00edvel de parceiros em a\u00e7\u00f5es concretas. Acreditamos que, s\u00f3 trabalhando cada vez mais em rede, ser\u00e1 poss\u00edvel encontrar solu\u00e7\u00f5es para as problem\u00e1ticas dos tempos de hoje.<\/span><\/p>\n<p style=\"text-align: right;\">\n<\/div>\n<\/div>\n<\/div>\n<\/div>\n<\/div>\n<\/div>\n<\/div>\n<\/div>\n[\/spb_text_block] [\/spb_row] [spb_divider type=&#8221;thin&#8221; text=&#8221;Go to top&#8221; top_margin=&#8221;30px&#8221; bottom_margin=&#8221;30px&#8221; fullwidth=&#8221;no&#8221; width=&#8221;1\/1&#8243; el_position=&#8221;first last&#8221;] [spb_row element_name=&#8221;Row&#8221; wrap_type=&#8221;standard-width&#8221; row_bg_type=&#8221;color&#8221; row_bg_color=&#8221;#ffffff&#8221; color_row_height=&#8221;content-height&#8221; bg_type=&#8221;cover&#8221; parallax_image_height=&#8221;content-height&#8221; parallax_image_movement=&#8221;fixed&#8221; parallax_image_speed=&#8221;standard&#8221; bg_video_loop=&#8221;yes&#8221; parallax_video_height=&#8221;window-height&#8221; row_top_style=&#8221;none&#8221; row_bottom_style=&#8221;none&#8221; parallax_video_overlay=&#8221;none&#8221; row_overlay_opacity=&#8221;0&#8243; remove_element_spacing=&#8221;no&#8221; row_col_spacing=&#8221;0&#8243; row_col_pos=&#8221;default&#8221; row_col_equal_heights=&#8221;no&#8221; row_expanding=&#8221;no&#8221; row_animation=&#8221;none&#8221; row_animation_delay=&#8221;0&#8243; minimize_row=&#8221;no&#8221; simplified_controls=&#8221;yes&#8221; custom_css_percentage=&#8221;no&#8221; custom_css=&#8221;margin-top: 0px;margin-bottom: 0px;&#8221; border_styling_global=&#8221;default&#8221; width=&#8221;1\/1&#8243; el_position=&#8221;first last&#8221;] [spb_counter subject=&#8221;Benefici\u00e1rios anuais&#8221; to=&#8221;100&#8243; from=&#8221;0&#8243; speed=&#8221;2000&#8243; refresh=&#8221;25&#8243; suffix=&#8221;+&#8221; commas=&#8221;true&#8221; textstyle=&#8221;h6&#8243; textcolor=&#8221;#590056&#8243; icon=&#8221;fa-child&#8221; width=&#8221;1\/4&#8243; el_position=&#8221;first&#8221;] [spb_counter subject=&#8221;Projetos em curso&#8221; to=&#8221;2&#8243; from=&#8221;0&#8243; speed=&#8221;2000&#8243; refresh=&#8221;25&#8243; commas=&#8221;true&#8221; textstyle=&#8221;h6&#8243; textcolor=&#8221;#590056&#8243; icon=&#8221;fa-caret-right&#8221; width=&#8221;1\/4&#8243;] [spb_counter subject=&#8221;Equipa&#8221; to=&#8221;20&#8243; from=&#8221;0&#8243; speed=&#8221;2000&#8243; refresh=&#8221;25&#8243; commas=&#8221;true&#8221; textstyle=&#8221;h6&#8243; textcolor=&#8221;#c61e57&#8243; icon=&#8221;nucleo-icon-team&#8221; width=&#8221;1\/4&#8243;] [spb_counter subject=&#8221;Parceiros&#8221; to=&#8221;10&#8243; from=&#8221;0&#8243; speed=&#8221;2000&#8243; refresh=&#8221;25&#8243; suffix=&#8221;+&#8221; commas=&#8221;true&#8221; textstyle=&#8221;h6&#8243; textcolor=&#8221;#c61e57&#8243; icon=&#8221;nucleo-icon-world&#8221; width=&#8221;1\/4&#8243; el_position=&#8221;last&#8221;] [spb_divider type=&#8221;thin&#8221; text=&#8221;Go to top&#8221; top_margin=&#8221;0px&#8221; bottom_margin=&#8221;60px&#8221; fullwidth=&#8221;yes&#8221; width=&#8221;1\/1&#8243; el_position=&#8221;first last&#8221;] [\/spb_row] [spb_row element_name=&#8221;Row&#8221; wrap_type=&#8221;standard-width&#8221; row_bg_type=&#8221;color&#8221; row_bg_color=&#8221;#46bad8&#8243; color_row_height=&#8221;content-height&#8221; bg_type=&#8221;cover&#8221; parallax_image_height=&#8221;content-height&#8221; parallax_image_movement=&#8221;fixed&#8221; parallax_image_speed=&#8221;standard&#8221; bg_video_loop=&#8221;yes&#8221; parallax_video_height=&#8221;window-height&#8221; row_top_style=&#8221;none&#8221; row_bottom_style=&#8221;none&#8221; parallax_video_overlay=&#8221;none&#8221; row_overlay_opacity=&#8221;0&#8243; remove_element_spacing=&#8221;no&#8221; row_col_spacing=&#8221;0&#8243; row_col_pos=&#8221;default&#8221; row_col_equal_heights=&#8221;no&#8221; row_expanding=&#8221;no&#8221; row_animation=&#8221;none&#8221; row_animation_delay=&#8221;0&#8243; minimize_row=&#8221;no&#8221; simplified_controls=&#8221;yes&#8221; custom_css_percentage=&#8221;no&#8221; custom_css=&#8221;margin-top: 0px;margin-bottom: 0px;&#8221; border_styling_global=&#8221;default&#8221; width=&#8221;1\/1&#8243; el_position=&#8221;first last&#8221;] [spb_blank_spacer height=&#8221;30px&#8221; width=&#8221;1\/1&#8243; el_position=&#8221;first last&#8221;] [spb_icon_box element_name=&#8221;Reconhecida&#8221; title=&#8221;Reconhecida&#8221; box_type=&#8221;vertical&#8221; box_icon_type=&#8221;svg&#8221; svg_icon=&#8221;files-outline_single-paragraph&#8221; animate_svg=&#8221;yes&#8221; target=&#8221;_self&#8221; animation=&#8221;none&#8221; animation_delay=&#8221;0&#8243; icon_color=&#8221;#ffffff&#8221; icon_bg_color=&#8221;#46bad8&#8243; text_color=&#8221;#ffffff&#8221; bg_color=&#8221;#46bad8&#8243; animated_box_style=&#8221;stroke&#8221; animated_box_rounded=&#8221;yes&#8221; width=&#8221;1\/3&#8243; el_position=&#8221;first&#8221;]\n<p>A AMU \u00e9 simultaneamente uma Institui\u00e7\u00e3o Privada de Solidariedade Social (IPSS) e uma Organiza\u00e7\u00e3o N\u00e3o Governamental para o Desenvolvimento (ONGD). Membro da Plataforma Portuguesa das ONGD que, por sua vez, representa as ONGD portuguesas junto do CONCORD.<\/p>\n[\/spb_icon_box] [spb_icon_box element_name=&#8221;ODS &#8211; Internacional&#8221; title=&#8221;Internacional&#8221; box_type=&#8221;vertical&#8221; box_icon_type=&#8221;svg&#8221; svg_icon=&#8221;business-outline_globe&#8221; animate_svg=&#8221;yes&#8221; target=&#8221;_self&#8221; animation=&#8221;none&#8221; animation_delay=&#8221;0&#8243; icon_color=&#8221;#ffffff&#8221; icon_bg_color=&#8221;#46bad8&#8243; text_color=&#8221;#ffffff&#8221; bg_color=&#8221;46BAD8&#8243; animated_box_style=&#8221;stroke&#8221; animated_box_rounded=&#8221;yes&#8221; width=&#8221;1\/3&#8243;]\n<p>A linha de actua\u00e7\u00e3o da AMU na \u00e1rea da coopera\u00e7\u00e3o tem procurado ser consonante com os \u201cObjectivos de Desenvolvimento Sustent\u00e1vel\u201d (ODS), definidos pelas Na\u00e7\u00f5es Unidas em 2015. Atualmente a AMU est\u00e1 a preparar novos projetos em coopera\u00e7\u00e3o com parceiros na Europa e no M\u00e9dio Oriente.<\/p>\n[\/spb_icon_box] [spb_icon_box title=&#8221;Aberta&#8221; box_type=&#8221;vertical&#8221; box_icon_type=&#8221;svg&#8221; svg_icon=&#8221;users-outline_multiple-11&#8243; animate_svg=&#8221;yes&#8221; target=&#8221;_self&#8221; animation=&#8221;none&#8221; animation_delay=&#8221;0&#8243; icon_color=&#8221;#ffffff&#8221; icon_bg_color=&#8221;#46bad8&#8243; text_color=&#8221;#ffffff&#8221; bg_color=&#8221;46BAD8&#8243; animated_box_style=&#8221;stroke&#8221; animated_box_rounded=&#8221;yes&#8221; width=&#8221;1\/3&#8243; el_position=&#8221;last&#8221;]\n<p>O objetivo principal da AMU \u00e9 contribuir para a constru\u00e7\u00e3o de um Mundo Unido. Este \u00e9 um objetivo pelo qual todos podemos trabalhar. A AMU \u00e9 um espa\u00e7o de todos e para todos.<\/p>\n[\/spb_icon_box] [spb_blank_spacer height=&#8221;30px&#8221; width=&#8221;1\/1&#8243; el_position=&#8221;first last&#8221;] [\/spb_row] [spb_blank_spacer height=&#8221;30px&#8221; width=&#8221;1\/1&#8243; el_position=&#8221;first last&#8221;] [spb_row element_name=&#8221;Parceiros&#8221; wrap_type=&#8221;standard-width&#8221; row_bg_type=&#8221;color&#8221; color_row_height=&#8221;content-height&#8221; bg_type=&#8221;cover&#8221; parallax_image_height=&#8221;content-height&#8221; parallax_image_movement=&#8221;fixed&#8221; parallax_image_speed=&#8221;standard&#8221; bg_video_loop=&#8221;yes&#8221; parallax_video_height=&#8221;window-height&#8221; row_top_style=&#8221;none&#8221; row_bottom_style=&#8221;none&#8221; parallax_video_overlay=&#8221;none&#8221; row_overlay_opacity=&#8221;0&#8243; remove_element_spacing=&#8221;no&#8221; row_col_spacing=&#8221;0&#8243; row_col_pos=&#8221;default&#8221; row_col_equal_heights=&#8221;no&#8221; row_expanding=&#8221;no&#8221; row_animation=&#8221;none&#8221; row_animation_delay=&#8221;0&#8243; minimize_row=&#8221;no&#8221; simplified_controls=&#8221;yes&#8221; custom_css_percentage=&#8221;no&#8221; custom_css=&#8221;margin-top: 0px;margin-bottom: 0px;&#8221; border_styling_global=&#8221;default&#8221; width=&#8221;1\/1&#8243; el_position=&#8221;first last&#8221;] [spb_divider element_name=&#8221;Parceiros&#8221; type=&#8221;heading&#8221; heading_text=&#8221;Parceiros&#8221; text=&#8221;Go to top&#8221; top_margin=&#8221;0px&#8221; bottom_margin=&#8221;30px&#8221; fullwidth=&#8221;yes&#8221; width=&#8221;1\/1&#8243; el_position=&#8221;first last&#8221;] [spb_blank_spacer height=&#8221;30px&#8221; width=&#8221;1\/1&#8243; el_position=&#8221;first last&#8221;] [\/spb_row] [spb_image element_name=&#8221;EdCin&#8221; image=&#8221;16691&#8243; image_size=&#8221;full&#8221; frame=&#8221;noframe&#8221; caption_pos=&#8221;hover&#8221; remove_rounded=&#8221;yes&#8221; fullwidth=&#8221;no&#8221; overflow_mode=&#8221;none&#8221; image_link=&#8221;http:\/\/aedc.pt\/incubadora-paulo-melo-empreendedorismo\/&#8221; link_target=&#8221;_blank&#8221; lightbox=&#8221;no&#8221; intro_animation=&#8221;none&#8221; animation_delay=&#8221;200&#8243; width=&#8221;1\/6&#8243; el_position=&#8221;first&#8221;][\/spb_image] [spb_image element_name=&#8221;Non dalla Guerra&#8221; image=&#8221;16714&#8243; image_size=&#8221;full&#8221; frame=&#8221;noframe&#8221; caption_pos=&#8221;hover&#8221; remove_rounded=&#8221;yes&#8221; fullwidth=&#8221;no&#8221; overflow_mode=&#8221;none&#8221; image_link=&#8221;http:\/\/www.nondallaguerra.it\/&#8221; link_target=&#8221;_blank&#8221; lightbox=&#8221;no&#8221; intro_animation=&#8221;none&#8221; animation_delay=&#8221;200&#8243; width=&#8221;1\/6&#8243;][\/spb_image] [spb_image element_name=&#8221;AEdC&#8221; image=&#8221;16690&#8243; image_size=&#8221;full&#8221; frame=&#8221;noframe&#8221; caption_pos=&#8221;hover&#8221; remove_rounded=&#8221;yes&#8221; fullwidth=&#8221;no&#8221; overflow_mode=&#8221;none&#8221; image_link=&#8221;http:\/\/aedc.pt&#8221; link_target=&#8221;_blank&#8221; lightbox=&#8221;no&#8221; intro_animation=&#8221;none&#8221; animation_delay=&#8221;200&#8243; width=&#8221;1\/6&#8243;][\/spb_image] [spb_image element_name=&#8221;AMU Lu&#8221; image=&#8221;16684&#8243; image_size=&#8221;full&#8221; frame=&#8221;noframe&#8221; caption_pos=&#8221;hover&#8221; remove_rounded=&#8221;yes&#8221; fullwidth=&#8221;no&#8221; overflow_mode=&#8221;none&#8221; image_link=&#8221;http:\/\/www.amu.lu\/&#8221; link_target=&#8221;_blank&#8221; lightbox=&#8221;no&#8221; intro_animation=&#8221;none&#8221; animation_delay=&#8221;200&#8243; width=&#8221;1\/6&#8243;][\/spb_image] [spb_image element_name=&#8221;Starkmacher&#8221; image=&#8221;16673&#8243; image_size=&#8221;full&#8221; frame=&#8221;noframe&#8221; caption_pos=&#8221;hover&#8221; remove_rounded=&#8221;yes&#8221; fullwidth=&#8221;no&#8221; overflow_mode=&#8221;none&#8221; image_link=&#8221;http:\/\/starkmacher.eu&#8221; link_target=&#8221;_blank&#8221; lightbox=&#8221;no&#8221; intro_animation=&#8221;none&#8221; animation_delay=&#8221;200&#8243; width=&#8221;1\/6&#8243;][\/spb_image] [spb_image element_name=&#8221;New Humanity NGO&#8221; image=&#8221;16736&#8243; image_size=&#8221;full&#8221; frame=&#8221;noframe&#8221; caption_pos=&#8221;hover&#8221; remove_rounded=&#8221;yes&#8221; fullwidth=&#8221;no&#8221; overflow_mode=&#8221;none&#8221; image_link=&#8221;http:\/\/www.new-humanity.org\/it\/&#8221; link_target=&#8221;_blank&#8221; lightbox=&#8221;no&#8221; intro_animation=&#8221;none&#8221; animation_delay=&#8221;200&#8243; width=&#8221;1\/6&#8243; el_position=&#8221;last&#8221;][\/spb_image] [spb_image element_name=&#8221;Movimento Juventude Nova&#8221; image=&#8221;16743&#8243; image_size=&#8221;full&#8221; frame=&#8221;noframe&#8221; caption_pos=&#8221;hover&#8221; remove_rounded=&#8221;yes&#8221; fullwidth=&#8221;no&#8221; overflow_mode=&#8221;none&#8221; link_target=&#8221;_blank&#8221; lightbox=&#8221;no&#8221; intro_animation=&#8221;none&#8221; animation_delay=&#8221;200&#8243; width=&#8221;1\/6&#8243; el_position=&#8221;first last&#8221;][\/spb_image]\n","protected":false},"excerpt":{"rendered":"<p>[spb_text_block animation=&#8221;none&#8221; animation_delay=&#8221;0&#8243; simplified_controls=&#8221;yes&#8221; custom_css_percentage=&#8221;no&#8221; padding_vertical=&#8221;0&#8243; padding_horizontal=&#8221;0&#8243; margin_vertical=&#8221;0&#8243; custom_css=&#8221;margin-top: 0px;margin-bottom: 0px;&#8221; border_size=&#8221;0&#8243; border_styling_global=&#8221;default&#8221; width=&#8221;1\/3&#8243; el_position=&#8221;first last&#8221;] Sobre a AMU Portugal &nbsp; [\/spb_text_block] [spb_row element_name=&#8221;Row&#8221; wrap_type=&#8221;full-width-contained&#8221; row_bg_type=&#8221;image&#8221; color_row_height=&#8221;content-height&#8221; row_style=&#8221;light&#8221; bg_image=&#8221;16626&#8243; bg_type=&#8221;cover&#8221; parallax_image_height=&#8221;content-height&#8221; parallax_image_movement=&#8221;scroll&#8221; parallax_image_speed=&#8221;standard&#8221; bg_video_loop=&#8221;yes&#8221; parallax_video_height=&#8221;window-height&#8221; row_top_style=&#8221;none&#8221; row_bottom_style=&#8221;none&#8221; parallax_video_overlay=&#8221;none&#8221; row_overlay_opacity=&#8221;0&#8243; remove_element_spacing=&#8221;no&#8221; row_col_spacing=&#8221;0&#8243; row_col_pos=&#8221;default&#8221; row_col_equal_heights=&#8221;no&#8221; row_expanding=&#8221;no&#8221; row_animation=&#8221;none&#8221; row_animation_delay=&#8221;0&#8243; minimize_row=&#8221;no&#8221; simplified_controls=&#8221;yes&#8221; custom_css_percentage=&#8221;no&#8221; custom_css=&#8221;margin-top: 0px;margin-bottom: 0px;&#8221; border_styling_global=&#8221;default&#8221; width=&#8221;1\/1&#8243; el_position=&#8221;first last&#8221;] [spb_blank_spacer responsive_vis=&#8221;hidden-xs&#8221; height=&#8221;30px&#8221; width=&#8221;1\/3&#8243; [&hellip;]<\/p>\n","protected":false},"author":1,"featured_media":0,"parent":0,"menu_order":0,"comment_status":"closed","ping_status":"closed","template":"","meta":{"inline_featured_image":false,"_monsterinsights_skip_tracking":false,"_monsterinsights_sitenote_active":false,"_monsterinsights_sitenote_note":"","_monsterinsights_sitenote_category":0,"footnotes":""},"class_list":["post-42","page","type-page","status-publish","hentry"],"jetpack_sharing_enabled":true,"_links":{"self":[{"href":"https:\/\/www.amu.org.pt\/index.php\/wp-json\/wp\/v2\/pages\/42","targetHints":{"allow":["GET"]}}],"collection":[{"href":"https:\/\/www.amu.org.pt\/index.php\/wp-json\/wp\/v2\/pages"}],"about":[{"href":"https:\/\/www.amu.org.pt\/index.php\/wp-json\/wp\/v2\/types\/page"}],"author":[{"embeddable":true,"href":"https:\/\/www.amu.org.pt\/index.php\/wp-json\/wp\/v2\/users\/1"}],"replies":[{"embeddable":true,"href":"https:\/\/www.amu.org.pt\/index.php\/wp-json\/wp\/v2\/comments?post=42"}],"version-history":[{"count":82,"href":"https:\/\/www.amu.org.pt\/index.php\/wp-json\/wp\/v2\/pages\/42\/revisions"}],"predecessor-version":[{"id":17282,"href":"https:\/\/www.amu.org.pt\/index.php\/wp-json\/wp\/v2\/pages\/42\/revisions\/17282"}],"wp:attachment":[{"href":"https:\/\/www.amu.org.pt\/index.php\/wp-json\/wp\/v2\/media?parent=42"}],"curies":[{"name":"wp","href":"https:\/\/api.w.org\/{rel}","templated":true}]}}